{"id":14237,"date":"2021-09-14T16:18:46","date_gmt":"2021-09-14T16:18:46","guid":{"rendered":"https:\/\/sigma.software\/management-team"},"modified":"2025-02-24T11:03:53","modified_gmt":"2025-02-24T11:03:53","slug":"management-team","status":"publish","type":"page","link":"https:\/\/sigma.software\/de\/management-team","title":{"rendered":"Gesch\u00e4ftsleitung und Vorstand"},"content":{"rendered":"","protected":false},"excerpt":{"rendered":"","protected":false},"author":2,"featured_media":0,"parent":0,"menu_order":29,"comment_status":"closed","ping_status":"closed","template":"template-management-team.php","meta":{"_acf_changed":false,"footnotes":""},"class_list":["post-14237","page","type-page","status-publish","hentry"],"acf":[],"yoast_head":"<title>Gesch\u00e4ftsleitung und Vorstand - Sigma Software<\/title>\n<meta name=\"description\" content=\"Lernen Sie die Mitglieder des Management-Teams von Sigma Software, den Vorstand, die Gr\u00fcnder, die F\u00fchrungskr\u00e4fte und die Abteilungsleiter kennen.\" \/>\n<meta name=\"robots\" content=\"index, follow, max-snippet:-1, max-image-preview:large, max-video-preview:-1\" \/>\n<link rel=\"canonical\" href=\"https:\/\/sigma.software\/de\/management-team\" \/>\n<meta property=\"og:locale\" content=\"de_DE\" \/>\n<meta property=\"og:type\" content=\"article\" \/>\n<meta property=\"og:title\" content=\"Gesch\u00e4ftsleitung und Vorstand\" \/>\n<meta property=\"og:description\" content=\"Lernen Sie die Mitglieder des Management-Teams von Sigma Software, den Vorstand, die Gr\u00fcnder, die F\u00fchrungskr\u00e4fte und die Abteilungsleiter kennen.\" \/>\n<meta property=\"og:url\" content=\"https:\/\/sigma.software\/de\/management-team\" \/>\n<meta property=\"og:site_name\" content=\"Sigma Software\" \/>\n<meta property=\"article:publisher\" content=\"https:\/\/www.facebook.com\/SIGMASOFTWAREGROUP\/\" \/>\n<meta property=\"article:modified_time\" content=\"2025-02-24T11:03:53+00:00\" \/>\n<meta property=\"og:image\" content=\"https:\/\/cdn.sigma.software\/wp-content\/uploads\/2024\/04\/ecosystem-hero-768@2x.jpg\" \/>\n\t<meta property=\"og:image:width\" content=\"1536\" \/>\n\t<meta property=\"og:image:height\" content=\"1136\" \/>\n\t<meta property=\"og:image:type\" content=\"image\/jpeg\" \/>\n<meta name=\"twitter:card\" content=\"summary_large_image\" \/>\n<meta name=\"twitter:image\" content=\"https:\/\/cdn.sigma.software\/wp-content\/uploads\/2024\/04\/ecosystem-hero-768@2x-1024x757.jpg\" \/>\n<meta name=\"twitter:site\" content=\"@sigmaswgroup\" \/>\n<script nonce='4baymDLvjSZ3laloZfZDVWhsD1kkLRm5'  type=\"application\/ld+json\" class=\"yoast-schema-graph\">{\"@context\":\"https:\/\/schema.org\",\"@graph\":[{\"@type\":\"WebPage\",\"@id\":\"https:\/\/sigma.software\/de\/management-team\",\"url\":\"https:\/\/sigma.software\/de\/management-team\",\"name\":\"Gesch\u00e4ftsleitung und Vorstand - Sigma Software\",\"isPartOf\":{\"@id\":\"https:\/\/sigma.software\/de#website\"},\"datePublished\":\"2021-09-14T16:18:46+00:00\",\"dateModified\":\"2025-02-24T11:03:53+00:00\",\"description\":\"Lernen Sie die Mitglieder des Management-Teams von Sigma Software, den Vorstand, die Gr\u00fcnder, die F\u00fchrungskr\u00e4fte und die Abteilungsleiter kennen.\",\"inLanguage\":\"de-DE\",\"potentialAction\":[{\"@type\":\"ReadAction\",\"target\":[\"https:\/\/sigma.software\/de\/management-team\"]}]},{\"@type\":\"WebSite\",\"@id\":\"https:\/\/sigma.software\/de#website\",\"url\":\"https:\/\/sigma.software\/de\",\"name\":\"Sigma Software\",\"description\":\"Custom Software Development Company\",\"potentialAction\":[{\"@type\":\"SearchAction\",\"target\":{\"@type\":\"EntryPoint\",\"urlTemplate\":\"https:\/\/sigma.software\/de?s={search_term_string}\"},\"query-input\":{\"@type\":\"PropertyValueSpecification\",\"valueRequired\":true,\"valueName\":\"search_term_string\"}}],\"inLanguage\":\"de-DE\"}]}<\/script>","yoast_head_json":{"title":"Gesch\u00e4ftsleitung und Vorstand - Sigma Software","description":"Lernen Sie die Mitglieder des Management-Teams von Sigma Software, den Vorstand, die Gr\u00fcnder, die F\u00fchrungskr\u00e4fte und die Abteilungsleiter kennen.","robots":{"index":"index","follow":"follow","max-snippet":"max-snippet:-1","max-image-preview":"max-image-preview:large","max-video-preview":"max-video-preview:-1"},"canonical":"https:\/\/sigma.software\/de\/management-team","og_locale":"de_DE","og_type":"article","og_title":"Gesch\u00e4ftsleitung und Vorstand","og_description":"Lernen Sie die Mitglieder des Management-Teams von Sigma Software, den Vorstand, die Gr\u00fcnder, die F\u00fchrungskr\u00e4fte und die Abteilungsleiter kennen.","og_url":"https:\/\/sigma.software\/de\/management-team","og_site_name":"Sigma Software","article_publisher":"https:\/\/www.facebook.com\/SIGMASOFTWAREGROUP\/","article_modified_time":"2025-02-24T11:03:53+00:00","og_image":[{"width":1536,"height":1136,"url":"https:\/\/cdn.sigma.software\/wp-content\/uploads\/2024\/04\/ecosystem-hero-768@2x.jpg","type":"image\/jpeg"}],"twitter_card":"summary_large_image","twitter_image":"https:\/\/cdn.sigma.software\/wp-content\/uploads\/2024\/04\/ecosystem-hero-768@2x-1024x757.jpg","twitter_site":"@sigmaswgroup","schema":{"@context":"https:\/\/schema.org","@graph":[{"@type":"WebPage","@id":"https:\/\/sigma.software\/de\/management-team","url":"https:\/\/sigma.software\/de\/management-team","name":"Gesch\u00e4ftsleitung und Vorstand - Sigma Software","isPartOf":{"@id":"https:\/\/sigma.software\/de#website"},"datePublished":"2021-09-14T16:18:46+00:00","dateModified":"2025-02-24T11:03:53+00:00","description":"Lernen Sie die Mitglieder des Management-Teams von Sigma Software, den Vorstand, die Gr\u00fcnder, die F\u00fchrungskr\u00e4fte und die Abteilungsleiter kennen.","inLanguage":"de-DE","potentialAction":[{"@type":"ReadAction","target":["https:\/\/sigma.software\/de\/management-team"]}]},{"@type":"WebSite","@id":"https:\/\/sigma.software\/de#website","url":"https:\/\/sigma.software\/de","name":"Sigma Software","description":"Custom Software Development Company","potentialAction":[{"@type":"SearchAction","target":{"@type":"EntryPoint","urlTemplate":"https:\/\/sigma.software\/de?s={search_term_string}"},"query-input":{"@type":"PropertyValueSpecification","valueRequired":true,"valueName":"search_term_string"}}],"inLanguage":"de-DE"}]}},"_links":{"self":[{"href":"https:\/\/sigma.software\/de\/wp-json\/wp\/v2\/pages\/14237","targetHints":{"allow":["GET"]}}],"collection":[{"href":"https:\/\/sigma.software\/de\/wp-json\/wp\/v2\/pages"}],"about":[{"href":"https:\/\/sigma.software\/de\/wp-json\/wp\/v2\/types\/page"}],"author":[{"embeddable":true,"href":"https:\/\/sigma.software\/de\/wp-json\/wp\/v2\/users\/2"}],"replies":[{"embeddable":true,"href":"https:\/\/sigma.software\/de\/wp-json\/wp\/v2\/comments?post=14237"}],"version-history":[{"count":3,"href":"https:\/\/sigma.software\/de\/wp-json\/wp\/v2\/pages\/14237\/revisions"}],"predecessor-version":[{"id":15133,"href":"https:\/\/sigma.software\/de\/wp-json\/wp\/v2\/pages\/14237\/revisions\/15133"}],"wp:attachment":[{"href":"https:\/\/sigma.software\/de\/wp-json\/wp\/v2\/media?parent=14237"}],"curies":[{"name":"wp","href":"https:\/\/api.w.org\/{rel}","templated":true}]}}