{"id":14544,"date":"2022-03-15T11:50:53","date_gmt":"2022-03-15T11:50:53","guid":{"rendered":"https:\/\/sigma.software\/history-and-mission"},"modified":"2025-02-24T11:04:03","modified_gmt":"2025-02-24T11:04:03","slug":"history-and-mission","status":"publish","type":"page","link":"https:\/\/sigma.software\/de\/history-and-mission","title":{"rendered":"Unternehmens\u00fcbersicht"},"content":{"rendered":"","protected":false},"excerpt":{"rendered":"","protected":false},"author":2,"featured_media":12205,"parent":0,"menu_order":0,"comment_status":"closed","ping_status":"closed","template":"template-about-us.php","meta":{"_acf_changed":false,"footnotes":""},"class_list":["post-14544","page","type-page","status-publish","has-post-thumbnail","hentry"],"acf":[],"yoast_head":"<title>Unsere Geschichte und unser Auftrag als zuverl\u00e4ssiger Technologiepartner - Sigma Software<\/title>\n<meta name=\"description\" content=\"Geschichte, Mission und Auszeichnungen von Sigma Software, einem IT-Beratungsunternehmen und Expertenteam mit tiefem Fachwissen, das durch ein \u00d6kosystem innovativer L\u00f6sungen unterst\u00fctzt wird.\" \/>\n<meta name=\"robots\" content=\"index, follow, max-snippet:-1, max-image-preview:large, max-video-preview:-1\" \/>\n<link rel=\"canonical\" href=\"https:\/\/sigma.software\/de\/history-and-mission\" \/>\n<meta property=\"og:locale\" content=\"de_DE\" \/>\n<meta property=\"og:type\" content=\"article\" \/>\n<meta property=\"og:title\" content=\"Unsere Geschichte und unser Auftrag als zuverl\u00e4ssiger Technologiepartner\" \/>\n<meta property=\"og:description\" content=\"Geschichte, Mission und Auszeichnungen von Sigma Software, einem IT-Beratungsunternehmen und Expertenteam mit tiefem Fachwissen, das durch ein \u00d6kosystem innovativer L\u00f6sungen unterst\u00fctzt wird.\" \/>\n<meta property=\"og:url\" content=\"https:\/\/sigma.software\/de\/history-and-mission\" \/>\n<meta property=\"og:site_name\" content=\"Sigma Software\" \/>\n<meta property=\"article:publisher\" content=\"https:\/\/www.facebook.com\/SIGMASOFTWAREGROUP\/\" \/>\n<meta property=\"article:modified_time\" content=\"2025-02-24T11:04:03+00:00\" \/>\n<meta property=\"og:image\" content=\"https:\/\/cdn.sigma.software\/wp-content\/uploads\/2022\/03\/about-us-hero-768@3x.jpg\" \/>\n\t<meta property=\"og:image:width\" content=\"2304\" \/>\n\t<meta property=\"og:image:height\" content=\"1704\" \/>\n\t<meta property=\"og:image:type\" content=\"image\/jpeg\" \/>\n<meta name=\"twitter:card\" content=\"summary_large_image\" \/>\n<meta name=\"twitter:image\" content=\"https:\/\/cdn.sigma.software\/wp-content\/uploads\/2022\/03\/about-us-hero-768@3x-1024x757.jpg\" \/>\n<meta name=\"twitter:site\" content=\"@sigmaswgroup\" \/>\n<script nonce='4baymDLvjSZ3laloZfZDVWhsD1kkLRm5'  type=\"application\/ld+json\" class=\"yoast-schema-graph\">{\"@context\":\"https:\/\/schema.org\",\"@graph\":[{\"@type\":\"WebPage\",\"@id\":\"https:\/\/sigma.software\/de\/history-and-mission\",\"url\":\"https:\/\/sigma.software\/de\/history-and-mission\",\"name\":\"Unsere Geschichte und unser Auftrag als zuverl\u00e4ssiger Technologiepartner - Sigma Software\",\"isPartOf\":{\"@id\":\"https:\/\/sigma.software\/de#website\"},\"primaryImageOfPage\":{\"@id\":\"https:\/\/sigma.software\/de\/history-and-mission#primaryimage\"},\"image\":{\"@id\":\"https:\/\/sigma.software\/de\/history-and-mission#primaryimage\"},\"thumbnailUrl\":\"https:\/\/sigma.software\/wp-content\/uploads\/2022\/03\/about-us-hero-768@3x.jpg\",\"datePublished\":\"2022-03-15T11:50:53+00:00\",\"dateModified\":\"2025-02-24T11:04:03+00:00\",\"description\":\"Geschichte, Mission und Auszeichnungen von Sigma Software, einem IT-Beratungsunternehmen und Expertenteam mit tiefem Fachwissen, das durch ein \u00d6kosystem innovativer L\u00f6sungen unterst\u00fctzt wird.\",\"inLanguage\":\"de-DE\",\"potentialAction\":[{\"@type\":\"ReadAction\",\"target\":[\"https:\/\/sigma.software\/de\/history-and-mission\"]}]},{\"@type\":\"ImageObject\",\"inLanguage\":\"de-DE\",\"@id\":\"https:\/\/sigma.software\/de\/history-and-mission#primaryimage\",\"url\":\"https:\/\/sigma.software\/wp-content\/uploads\/2022\/03\/about-us-hero-768@3x.jpg\",\"contentUrl\":\"https:\/\/sigma.software\/wp-content\/uploads\/2022\/03\/about-us-hero-768@3x.jpg\",\"width\":2304,\"height\":1704},{\"@type\":\"WebSite\",\"@id\":\"https:\/\/sigma.software\/de#website\",\"url\":\"https:\/\/sigma.software\/de\",\"name\":\"Sigma Software\",\"description\":\"Custom Software Development Company\",\"potentialAction\":[{\"@type\":\"SearchAction\",\"target\":{\"@type\":\"EntryPoint\",\"urlTemplate\":\"https:\/\/sigma.software\/de?s={search_term_string}\"},\"query-input\":{\"@type\":\"PropertyValueSpecification\",\"valueRequired\":true,\"valueName\":\"search_term_string\"}}],\"inLanguage\":\"de-DE\"}]}<\/script>","yoast_head_json":{"title":"Unsere Geschichte und unser Auftrag als zuverl\u00e4ssiger Technologiepartner - Sigma Software","description":"Geschichte, Mission und Auszeichnungen von Sigma Software, einem IT-Beratungsunternehmen und Expertenteam mit tiefem Fachwissen, das durch ein \u00d6kosystem innovativer L\u00f6sungen unterst\u00fctzt wird.","robots":{"index":"index","follow":"follow","max-snippet":"max-snippet:-1","max-image-preview":"max-image-preview:large","max-video-preview":"max-video-preview:-1"},"canonical":"https:\/\/sigma.software\/de\/history-and-mission","og_locale":"de_DE","og_type":"article","og_title":"Unsere Geschichte und unser Auftrag als zuverl\u00e4ssiger Technologiepartner","og_description":"Geschichte, Mission und Auszeichnungen von Sigma Software, einem IT-Beratungsunternehmen und Expertenteam mit tiefem Fachwissen, das durch ein \u00d6kosystem innovativer L\u00f6sungen unterst\u00fctzt wird.","og_url":"https:\/\/sigma.software\/de\/history-and-mission","og_site_name":"Sigma Software","article_publisher":"https:\/\/www.facebook.com\/SIGMASOFTWAREGROUP\/","article_modified_time":"2025-02-24T11:04:03+00:00","og_image":[{"width":2304,"height":1704,"url":"https:\/\/cdn.sigma.software\/wp-content\/uploads\/2022\/03\/about-us-hero-768@3x.jpg","type":"image\/jpeg"}],"twitter_card":"summary_large_image","twitter_image":"https:\/\/cdn.sigma.software\/wp-content\/uploads\/2022\/03\/about-us-hero-768@3x-1024x757.jpg","twitter_site":"@sigmaswgroup","schema":{"@context":"https:\/\/schema.org","@graph":[{"@type":"WebPage","@id":"https:\/\/sigma.software\/de\/history-and-mission","url":"https:\/\/sigma.software\/de\/history-and-mission","name":"Unsere Geschichte und unser Auftrag als zuverl\u00e4ssiger Technologiepartner - Sigma Software","isPartOf":{"@id":"https:\/\/sigma.software\/de#website"},"primaryImageOfPage":{"@id":"https:\/\/sigma.software\/de\/history-and-mission#primaryimage"},"image":{"@id":"https:\/\/sigma.software\/de\/history-and-mission#primaryimage"},"thumbnailUrl":"https:\/\/sigma.software\/wp-content\/uploads\/2022\/03\/about-us-hero-768@3x.jpg","datePublished":"2022-03-15T11:50:53+00:00","dateModified":"2025-02-24T11:04:03+00:00","description":"Geschichte, Mission und Auszeichnungen von Sigma Software, einem IT-Beratungsunternehmen und Expertenteam mit tiefem Fachwissen, das durch ein \u00d6kosystem innovativer L\u00f6sungen unterst\u00fctzt wird.","inLanguage":"de-DE","potentialAction":[{"@type":"ReadAction","target":["https:\/\/sigma.software\/de\/history-and-mission"]}]},{"@type":"ImageObject","inLanguage":"de-DE","@id":"https:\/\/sigma.software\/de\/history-and-mission#primaryimage","url":"https:\/\/sigma.software\/wp-content\/uploads\/2022\/03\/about-us-hero-768@3x.jpg","contentUrl":"https:\/\/sigma.software\/wp-content\/uploads\/2022\/03\/about-us-hero-768@3x.jpg","width":2304,"height":1704},{"@type":"WebSite","@id":"https:\/\/sigma.software\/de#website","url":"https:\/\/sigma.software\/de","name":"Sigma Software","description":"Custom Software Development Company","potentialAction":[{"@type":"SearchAction","target":{"@type":"EntryPoint","urlTemplate":"https:\/\/sigma.software\/de?s={search_term_string}"},"query-input":{"@type":"PropertyValueSpecification","valueRequired":true,"valueName":"search_term_string"}}],"inLanguage":"de-DE"}]}},"_links":{"self":[{"href":"https:\/\/sigma.software\/de\/wp-json\/wp\/v2\/pages\/14544","targetHints":{"allow":["GET"]}}],"collection":[{"href":"https:\/\/sigma.software\/de\/wp-json\/wp\/v2\/pages"}],"about":[{"href":"https:\/\/sigma.software\/de\/wp-json\/wp\/v2\/types\/page"}],"author":[{"embeddable":true,"href":"https:\/\/sigma.software\/de\/wp-json\/wp\/v2\/users\/2"}],"replies":[{"embeddable":true,"href":"https:\/\/sigma.software\/de\/wp-json\/wp\/v2\/comments?post=14544"}],"version-history":[{"count":15,"href":"https:\/\/sigma.software\/de\/wp-json\/wp\/v2\/pages\/14544\/revisions"}],"predecessor-version":[{"id":15132,"href":"https:\/\/sigma.software\/de\/wp-json\/wp\/v2\/pages\/14544\/revisions\/15132"}],"wp:featuredmedia":[{"embeddable":true,"href":"https:\/\/sigma.software\/de\/wp-json\/wp\/v2\/media\/12205"}],"wp:attachment":[{"href":"https:\/\/sigma.software\/de\/wp-json\/wp\/v2\/media?parent=14544"}],"curies":[{"name":"wp","href":"https:\/\/api.w.org\/{rel}","templated":true}]}}