{"id":14550,"date":"2021-11-03T17:58:48","date_gmt":"2021-11-03T17:58:48","guid":{"rendered":"https:\/\/sigma.software\/our-offices-and-contacts"},"modified":"2025-02-11T13:37:39","modified_gmt":"2025-02-11T13:37:39","slug":"our-offices-and-contacts","status":"publish","type":"page","link":"https:\/\/sigma.software\/de\/our-offices-and-contacts","title":{"rendered":"Sigma Software Niederlassungen und Kontakte"},"content":{"rendered":"","protected":false},"excerpt":{"rendered":"","protected":false},"author":2,"featured_media":10389,"parent":0,"menu_order":21,"comment_status":"closed","ping_status":"closed","template":"template-offices.php","meta":{"_acf_changed":false,"inline_featured_image":false,"footnotes":""},"class_list":["post-14550","page","type-page","status-publish","has-post-thumbnail","hentry"],"acf":[],"yoast_head":"<title>Sigma Software Niederlassungen und Kontakte worldwide - Sigma Software<\/title>\n<meta name=\"description\" content=\"Wir erweitern st\u00e4ndig unsere Pr\u00e4senz, um unseren Kunden auf der ganzen Welt nahe zu sein. Erfahren Sie mehr \u00fcber unsere Standorte worldwide oder finden Sie den Standort in Ihrer N\u00e4he.\" \/>\n<meta name=\"robots\" content=\"index, follow, max-snippet:-1, max-image-preview:large, max-video-preview:-1\" \/>\n<link rel=\"canonical\" href=\"https:\/\/sigma.software\/de\/our-offices-and-contacts\" \/>\n<meta property=\"og:locale\" content=\"de_DE\" \/>\n<meta property=\"og:type\" content=\"article\" \/>\n<meta property=\"og:title\" content=\"Sigma Software Niederlassungen und Kontakte worldwide - Sigma Software\" \/>\n<meta property=\"og:description\" content=\"Wir erweitern st\u00e4ndig unsere Pr\u00e4senz, um unseren Kunden auf der ganzen Welt nahe zu sein. Erfahren Sie mehr \u00fcber unsere Standorte worldwide oder finden Sie den Standort in Ihrer N\u00e4he.\" \/>\n<meta property=\"og:url\" content=\"https:\/\/sigma.software\/de\/our-offices-and-contacts\" \/>\n<meta property=\"og:site_name\" content=\"Sigma Software\" \/>\n<meta property=\"article:publisher\" content=\"https:\/\/www.facebook.com\/SIGMASOFTWAREGROUP\/\" \/>\n<meta property=\"article:modified_time\" content=\"2025-02-11T13:37:39+00:00\" \/>\n<meta property=\"og:image\" content=\"https:\/\/cdn.sigma.software\/wp-content\/uploads\/2020\/11\/office-NY-3@2x.jpg\" \/>\n\t<meta property=\"og:image:width\" content=\"2020\" \/>\n\t<meta property=\"og:image:height\" content=\"960\" \/>\n\t<meta property=\"og:image:type\" content=\"image\/jpeg\" \/>\n<meta name=\"twitter:card\" content=\"summary_large_image\" \/>\n<meta name=\"twitter:title\" content=\"Sigma Software Niederlassungen und Kontakte\" \/>\n<meta name=\"twitter:image\" content=\"https:\/\/cdn.sigma.software\/wp-content\/uploads\/2020\/11\/office-NY-3@2x.jpg\" \/>\n<meta name=\"twitter:site\" content=\"@sigmaswgroup\" \/>\n<script nonce='4baymDLvjSZ3laloZfZDVWhsD1kkLRm5'  type=\"application\/ld+json\" class=\"yoast-schema-graph\">{\"@context\":\"https:\/\/schema.org\",\"@graph\":[{\"@type\":\"WebPage\",\"@id\":\"https:\/\/sigma.software\/de\/our-offices-and-contacts\",\"url\":\"https:\/\/sigma.software\/de\/our-offices-and-contacts\",\"name\":\"Sigma Software Niederlassungen und Kontakte worldwide - Sigma Software\",\"isPartOf\":{\"@id\":\"https:\/\/sigma.software\/de#website\"},\"primaryImageOfPage\":{\"@id\":\"https:\/\/sigma.software\/de\/our-offices-and-contacts#primaryimage\"},\"image\":{\"@id\":\"https:\/\/sigma.software\/de\/our-offices-and-contacts#primaryimage\"},\"thumbnailUrl\":\"https:\/\/sigma.software\/wp-content\/uploads\/2021\/11\/offices-contacts-hero-768@2x.jpg\",\"datePublished\":\"2021-11-03T17:58:48+00:00\",\"dateModified\":\"2025-02-11T13:37:39+00:00\",\"description\":\"Wir erweitern st\u00e4ndig unsere Pr\u00e4senz, um unseren Kunden auf der ganzen Welt nahe zu sein. Erfahren Sie mehr \u00fcber unsere Standorte worldwide oder finden Sie den Standort in Ihrer N\u00e4he.\",\"inLanguage\":\"de-DE\",\"potentialAction\":[{\"@type\":\"ReadAction\",\"target\":[\"https:\/\/sigma.software\/de\/our-offices-and-contacts\"]}]},{\"@type\":\"ImageObject\",\"inLanguage\":\"de-DE\",\"@id\":\"https:\/\/sigma.software\/de\/our-offices-and-contacts#primaryimage\",\"url\":\"https:\/\/sigma.software\/wp-content\/uploads\/2021\/11\/offices-contacts-hero-768@2x.jpg\",\"contentUrl\":\"https:\/\/sigma.software\/wp-content\/uploads\/2021\/11\/offices-contacts-hero-768@2x.jpg\",\"width\":1536,\"height\":1484},{\"@type\":\"WebSite\",\"@id\":\"https:\/\/sigma.software\/de#website\",\"url\":\"https:\/\/sigma.software\/de\",\"name\":\"Sigma Software\",\"description\":\"Custom Software Development Company\",\"potentialAction\":[{\"@type\":\"SearchAction\",\"target\":{\"@type\":\"EntryPoint\",\"urlTemplate\":\"https:\/\/sigma.software\/de?s={search_term_string}\"},\"query-input\":{\"@type\":\"PropertyValueSpecification\",\"valueRequired\":true,\"valueName\":\"search_term_string\"}}],\"inLanguage\":\"de-DE\"}]}<\/script>","yoast_head_json":{"title":"Sigma Software Niederlassungen und Kontakte worldwide - Sigma Software","description":"Wir erweitern st\u00e4ndig unsere Pr\u00e4senz, um unseren Kunden auf der ganzen Welt nahe zu sein. Erfahren Sie mehr \u00fcber unsere Standorte worldwide oder finden Sie den Standort in Ihrer N\u00e4he.","robots":{"index":"index","follow":"follow","max-snippet":"max-snippet:-1","max-image-preview":"max-image-preview:large","max-video-preview":"max-video-preview:-1"},"canonical":"https:\/\/sigma.software\/de\/our-offices-and-contacts","og_locale":"de_DE","og_type":"article","og_title":"Sigma Software Niederlassungen und Kontakte worldwide - Sigma Software","og_description":"Wir erweitern st\u00e4ndig unsere Pr\u00e4senz, um unseren Kunden auf der ganzen Welt nahe zu sein. Erfahren Sie mehr \u00fcber unsere Standorte worldwide oder finden Sie den Standort in Ihrer N\u00e4he.","og_url":"https:\/\/sigma.software\/de\/our-offices-and-contacts","og_site_name":"Sigma Software","article_publisher":"https:\/\/www.facebook.com\/SIGMASOFTWAREGROUP\/","article_modified_time":"2025-02-11T13:37:39+00:00","og_image":[{"width":2020,"height":960,"url":"https:\/\/cdn.sigma.software\/wp-content\/uploads\/2020\/11\/office-NY-3@2x.jpg","type":"image\/jpeg"}],"twitter_card":"summary_large_image","twitter_title":"Sigma Software Niederlassungen und Kontakte","twitter_image":"https:\/\/cdn.sigma.software\/wp-content\/uploads\/2020\/11\/office-NY-3@2x.jpg","twitter_site":"@sigmaswgroup","schema":{"@context":"https:\/\/schema.org","@graph":[{"@type":"WebPage","@id":"https:\/\/sigma.software\/de\/our-offices-and-contacts","url":"https:\/\/sigma.software\/de\/our-offices-and-contacts","name":"Sigma Software Niederlassungen und Kontakte worldwide - Sigma Software","isPartOf":{"@id":"https:\/\/sigma.software\/de#website"},"primaryImageOfPage":{"@id":"https:\/\/sigma.software\/de\/our-offices-and-contacts#primaryimage"},"image":{"@id":"https:\/\/sigma.software\/de\/our-offices-and-contacts#primaryimage"},"thumbnailUrl":"https:\/\/sigma.software\/wp-content\/uploads\/2021\/11\/offices-contacts-hero-768@2x.jpg","datePublished":"2021-11-03T17:58:48+00:00","dateModified":"2025-02-11T13:37:39+00:00","description":"Wir erweitern st\u00e4ndig unsere Pr\u00e4senz, um unseren Kunden auf der ganzen Welt nahe zu sein. Erfahren Sie mehr \u00fcber unsere Standorte worldwide oder finden Sie den Standort in Ihrer N\u00e4he.","inLanguage":"de-DE","potentialAction":[{"@type":"ReadAction","target":["https:\/\/sigma.software\/de\/our-offices-and-contacts"]}]},{"@type":"ImageObject","inLanguage":"de-DE","@id":"https:\/\/sigma.software\/de\/our-offices-and-contacts#primaryimage","url":"https:\/\/sigma.software\/wp-content\/uploads\/2021\/11\/offices-contacts-hero-768@2x.jpg","contentUrl":"https:\/\/sigma.software\/wp-content\/uploads\/2021\/11\/offices-contacts-hero-768@2x.jpg","width":1536,"height":1484},{"@type":"WebSite","@id":"https:\/\/sigma.software\/de#website","url":"https:\/\/sigma.software\/de","name":"Sigma Software","description":"Custom Software Development Company","potentialAction":[{"@type":"SearchAction","target":{"@type":"EntryPoint","urlTemplate":"https:\/\/sigma.software\/de?s={search_term_string}"},"query-input":{"@type":"PropertyValueSpecification","valueRequired":true,"valueName":"search_term_string"}}],"inLanguage":"de-DE"}]}},"_links":{"self":[{"href":"https:\/\/sigma.software\/de\/wp-json\/wp\/v2\/pages\/14550","targetHints":{"allow":["GET"]}}],"collection":[{"href":"https:\/\/sigma.software\/de\/wp-json\/wp\/v2\/pages"}],"about":[{"href":"https:\/\/sigma.software\/de\/wp-json\/wp\/v2\/types\/page"}],"author":[{"embeddable":true,"href":"https:\/\/sigma.software\/de\/wp-json\/wp\/v2\/users\/2"}],"replies":[{"embeddable":true,"href":"https:\/\/sigma.software\/de\/wp-json\/wp\/v2\/comments?post=14550"}],"version-history":[{"count":2,"href":"https:\/\/sigma.software\/de\/wp-json\/wp\/v2\/pages\/14550\/revisions"}],"predecessor-version":[{"id":14552,"href":"https:\/\/sigma.software\/de\/wp-json\/wp\/v2\/pages\/14550\/revisions\/14552"}],"wp:featuredmedia":[{"embeddable":true,"href":"https:\/\/sigma.software\/de\/wp-json\/wp\/v2\/media\/10389"}],"wp:attachment":[{"href":"https:\/\/sigma.software\/de\/wp-json\/wp\/v2\/media?parent=14550"}],"curies":[{"name":"wp","href":"https:\/\/api.w.org\/{rel}","templated":true}]}}