{"id":14563,"date":"2021-10-08T13:50:32","date_gmt":"2021-10-08T13:50:32","guid":{"rendered":"https:\/\/sigma.software\/clients-testimonials"},"modified":"2025-03-06T11:29:28","modified_gmt":"2025-03-06T11:29:28","slug":"clients-testimonials","status":"publish","type":"page","link":"https:\/\/sigma.software\/de\/clients-testimonials","title":{"rendered":"Kunden und Erfahrungsberichte"},"content":{"rendered":"","protected":false},"excerpt":{"rendered":"","protected":false},"author":2,"featured_media":10282,"parent":0,"menu_order":27,"comment_status":"closed","ping_status":"closed","template":"template-clients-and-testimonials.php","meta":{"_acf_changed":false,"inline_featured_image":false,"footnotes":""},"class_list":["post-14563","page","type-page","status-publish","has-post-thumbnail","hentry"],"acf":[],"yoast_head":"<title>Kunden und Erfahrungsberichte - Sigma Software<\/title>\n<meta name=\"description\" content=\"Wir bieten Dienstleistungen f\u00fcr die Unternehmen der Fortune 500, preisgekr\u00f6nte Technologie-Start-ups und unabh\u00e4ngige Softwareanbieter auf der ganzen Welt.\" \/>\n<meta name=\"robots\" content=\"index, follow, max-snippet:-1, max-image-preview:large, max-video-preview:-1\" \/>\n<link rel=\"canonical\" href=\"https:\/\/sigma.software\/de\/clients-testimonials\" \/>\n<meta property=\"og:locale\" content=\"de_DE\" \/>\n<meta property=\"og:type\" content=\"article\" \/>\n<meta property=\"og:title\" content=\"Kunden und Erfahrungsberichte\" \/>\n<meta property=\"og:description\" content=\"Wir bieten Dienstleistungen f\u00fcr die Unternehmen der Fortune 500, preisgekr\u00f6nte Technologie-Start-ups und unabh\u00e4ngige Softwareanbieter auf der ganzen Welt.\" \/>\n<meta property=\"og:url\" content=\"https:\/\/sigma.software\/de\/clients-testimonials\" \/>\n<meta property=\"og:site_name\" content=\"Sigma Software\" \/>\n<meta property=\"article:publisher\" content=\"https:\/\/www.facebook.com\/SIGMASOFTWAREGROUP\/\" \/>\n<meta property=\"article:modified_time\" content=\"2025-03-06T11:29:28+00:00\" \/>\n<meta property=\"og:image\" content=\"https:\/\/cdn.sigma.software\/wp-content\/uploads\/2021\/10\/clients-hero-992@3x-scaled.jpg\" \/>\n\t<meta property=\"og:image:width\" content=\"2560\" \/>\n\t<meta property=\"og:image:height\" content=\"1915\" \/>\n\t<meta property=\"og:image:type\" content=\"image\/jpeg\" \/>\n<meta name=\"twitter:card\" content=\"summary_large_image\" \/>\n<meta name=\"twitter:image\" content=\"https:\/\/cdn.sigma.software\/wp-content\/uploads\/2021\/10\/clients-hero-992@3x-scaled.jpg\" \/>\n<meta name=\"twitter:site\" content=\"@sigmaswgroup\" \/>\n<script nonce='4baymDLvjSZ3laloZfZDVWhsD1kkLRm5'  type=\"application\/ld+json\" class=\"yoast-schema-graph\">{\"@context\":\"https:\/\/schema.org\",\"@graph\":[{\"@type\":\"WebPage\",\"@id\":\"https:\/\/sigma.software\/de\/clients-testimonials\",\"url\":\"https:\/\/sigma.software\/de\/clients-testimonials\",\"name\":\"Kunden und Erfahrungsberichte - Sigma Software\",\"isPartOf\":{\"@id\":\"https:\/\/sigma.software\/de#website\"},\"primaryImageOfPage\":{\"@id\":\"https:\/\/sigma.software\/de\/clients-testimonials#primaryimage\"},\"image\":{\"@id\":\"https:\/\/sigma.software\/de\/clients-testimonials#primaryimage\"},\"thumbnailUrl\":\"https:\/\/sigma.software\/wp-content\/uploads\/2021\/10\/clients-hero-992@3x-scaled.jpg\",\"datePublished\":\"2021-10-08T13:50:32+00:00\",\"dateModified\":\"2025-03-06T11:29:28+00:00\",\"description\":\"Wir bieten Dienstleistungen f\u00fcr die Unternehmen der Fortune 500, preisgekr\u00f6nte Technologie-Start-ups und unabh\u00e4ngige Softwareanbieter auf der ganzen Welt.\",\"inLanguage\":\"de-DE\",\"potentialAction\":[{\"@type\":\"ReadAction\",\"target\":[\"https:\/\/sigma.software\/de\/clients-testimonials\"]}]},{\"@type\":\"ImageObject\",\"inLanguage\":\"de-DE\",\"@id\":\"https:\/\/sigma.software\/de\/clients-testimonials#primaryimage\",\"url\":\"https:\/\/sigma.software\/wp-content\/uploads\/2021\/10\/clients-hero-992@3x-scaled.jpg\",\"contentUrl\":\"https:\/\/sigma.software\/wp-content\/uploads\/2021\/10\/clients-hero-992@3x-scaled.jpg\",\"width\":2560,\"height\":1915},{\"@type\":\"WebSite\",\"@id\":\"https:\/\/sigma.software\/de#website\",\"url\":\"https:\/\/sigma.software\/de\",\"name\":\"Sigma Software\",\"description\":\"Custom Software Development Company\",\"potentialAction\":[{\"@type\":\"SearchAction\",\"target\":{\"@type\":\"EntryPoint\",\"urlTemplate\":\"https:\/\/sigma.software\/de?s={search_term_string}\"},\"query-input\":{\"@type\":\"PropertyValueSpecification\",\"valueRequired\":true,\"valueName\":\"search_term_string\"}}],\"inLanguage\":\"de-DE\"}]}<\/script>","yoast_head_json":{"title":"Kunden und Erfahrungsberichte - Sigma Software","description":"Wir bieten Dienstleistungen f\u00fcr die Unternehmen der Fortune 500, preisgekr\u00f6nte Technologie-Start-ups und unabh\u00e4ngige Softwareanbieter auf der ganzen Welt.","robots":{"index":"index","follow":"follow","max-snippet":"max-snippet:-1","max-image-preview":"max-image-preview:large","max-video-preview":"max-video-preview:-1"},"canonical":"https:\/\/sigma.software\/de\/clients-testimonials","og_locale":"de_DE","og_type":"article","og_title":"Kunden und Erfahrungsberichte","og_description":"Wir bieten Dienstleistungen f\u00fcr die Unternehmen der Fortune 500, preisgekr\u00f6nte Technologie-Start-ups und unabh\u00e4ngige Softwareanbieter auf der ganzen Welt.","og_url":"https:\/\/sigma.software\/de\/clients-testimonials","og_site_name":"Sigma Software","article_publisher":"https:\/\/www.facebook.com\/SIGMASOFTWAREGROUP\/","article_modified_time":"2025-03-06T11:29:28+00:00","og_image":[{"width":2560,"height":1915,"url":"https:\/\/cdn.sigma.software\/wp-content\/uploads\/2021\/10\/clients-hero-992@3x-scaled.jpg","type":"image\/jpeg"}],"twitter_card":"summary_large_image","twitter_image":"https:\/\/cdn.sigma.software\/wp-content\/uploads\/2021\/10\/clients-hero-992@3x-scaled.jpg","twitter_site":"@sigmaswgroup","schema":{"@context":"https:\/\/schema.org","@graph":[{"@type":"WebPage","@id":"https:\/\/sigma.software\/de\/clients-testimonials","url":"https:\/\/sigma.software\/de\/clients-testimonials","name":"Kunden und Erfahrungsberichte - Sigma Software","isPartOf":{"@id":"https:\/\/sigma.software\/de#website"},"primaryImageOfPage":{"@id":"https:\/\/sigma.software\/de\/clients-testimonials#primaryimage"},"image":{"@id":"https:\/\/sigma.software\/de\/clients-testimonials#primaryimage"},"thumbnailUrl":"https:\/\/sigma.software\/wp-content\/uploads\/2021\/10\/clients-hero-992@3x-scaled.jpg","datePublished":"2021-10-08T13:50:32+00:00","dateModified":"2025-03-06T11:29:28+00:00","description":"Wir bieten Dienstleistungen f\u00fcr die Unternehmen der Fortune 500, preisgekr\u00f6nte Technologie-Start-ups und unabh\u00e4ngige Softwareanbieter auf der ganzen Welt.","inLanguage":"de-DE","potentialAction":[{"@type":"ReadAction","target":["https:\/\/sigma.software\/de\/clients-testimonials"]}]},{"@type":"ImageObject","inLanguage":"de-DE","@id":"https:\/\/sigma.software\/de\/clients-testimonials#primaryimage","url":"https:\/\/sigma.software\/wp-content\/uploads\/2021\/10\/clients-hero-992@3x-scaled.jpg","contentUrl":"https:\/\/sigma.software\/wp-content\/uploads\/2021\/10\/clients-hero-992@3x-scaled.jpg","width":2560,"height":1915},{"@type":"WebSite","@id":"https:\/\/sigma.software\/de#website","url":"https:\/\/sigma.software\/de","name":"Sigma Software","description":"Custom Software Development Company","potentialAction":[{"@type":"SearchAction","target":{"@type":"EntryPoint","urlTemplate":"https:\/\/sigma.software\/de?s={search_term_string}"},"query-input":{"@type":"PropertyValueSpecification","valueRequired":true,"valueName":"search_term_string"}}],"inLanguage":"de-DE"}]}},"_links":{"self":[{"href":"https:\/\/sigma.software\/de\/wp-json\/wp\/v2\/pages\/14563","targetHints":{"allow":["GET"]}}],"collection":[{"href":"https:\/\/sigma.software\/de\/wp-json\/wp\/v2\/pages"}],"about":[{"href":"https:\/\/sigma.software\/de\/wp-json\/wp\/v2\/types\/page"}],"author":[{"embeddable":true,"href":"https:\/\/sigma.software\/de\/wp-json\/wp\/v2\/users\/2"}],"replies":[{"embeddable":true,"href":"https:\/\/sigma.software\/de\/wp-json\/wp\/v2\/comments?post=14563"}],"version-history":[{"count":11,"href":"https:\/\/sigma.software\/de\/wp-json\/wp\/v2\/pages\/14563\/revisions"}],"predecessor-version":[{"id":15158,"href":"https:\/\/sigma.software\/de\/wp-json\/wp\/v2\/pages\/14563\/revisions\/15158"}],"wp:featuredmedia":[{"embeddable":true,"href":"https:\/\/sigma.software\/de\/wp-json\/wp\/v2\/media\/10282"}],"wp:attachment":[{"href":"https:\/\/sigma.software\/de\/wp-json\/wp\/v2\/media?parent=14563"}],"curies":[{"name":"wp","href":"https:\/\/api.w.org\/{rel}","templated":true}]}}