{"id":14741,"date":"2023-11-08T14:56:52","date_gmt":"2023-11-08T14:56:52","guid":{"rendered":"https:\/\/sigma.software\/fraud-warning-disclaimer"},"modified":"2025-01-22T14:19:19","modified_gmt":"2025-01-22T14:19:19","slug":"fraud-warning-disclaimer","status":"publish","type":"page","link":"https:\/\/sigma.software\/de\/fraud-warning-disclaimer","title":{"rendered":"Hinweis zum Haftungsausschluss bei Betrug"},"content":{"rendered":"<h1>Hinweis zum Haftungsausschluss bei Betrug<\/h1>\n<p>Sigma Software nimmt alle Informationen \u00fcber verd\u00e4chtige oder betr\u00fcgerische T\u00e4tigkeiten sehr ernst. Bitte beachten Sie, dass sich bestimmte Personen an Sie wenden k\u00f6nnten, indem sie sich f\u00e4lschlicherweise als unsere Vertreter ausgeben. Unter diesem Vorwand k\u00f6nnten sie versuchen, an Ihre personenbezogenen Daten zu gelangen oder Geld oder andere Wertgegenst\u00e4nde von Ihnen zu erbeuten.<\/p>\n<p>Es ist anzumerken, dass Sigma Software:<\/p>\n<ul>\n<li>fordert nicht Ihre Anmeldeinformationen, pers\u00f6nlichen Angaben und Bankkontodaten in Mitteilungen an, die Sie \u00fcber ein soziales Netzwerk (Facebook, Instagram oder Linkedin) oder Messenger (Facebook Messenger, Viber, Telegram, WhatsApp usw.) erhalten<\/li>\n<li>sendet keine Mitteilungen von pers\u00f6nlichen E-Mail-Adressen, die auf Domains wie Yahoo, Hotmail, Gmail usw. gehostet werden Jede von Sigma Software gesendete Kommunikation wird nur von unserem registrierten Domainnamen @sigma.softwaregesendet<\/li>\n<li>verlangt keine Geb\u00fchren f\u00fcr irgendeinen Zweck w\u00e4hrend oder nach dem Einstellungsprozess<\/li>\n<\/ul>\n<p>Wenn Sie eine E-Mail oder Nachricht von einer Person erhalten, die vorgibt, Sigma Software zu vertreten, und die Ihrer Meinung nach ein Virus, Phishing, Spam oder eine betr\u00fcgerische E-Mail oder Nachricht enth\u00e4lt, senden Sie uns bitte eine E-Mail an <a href=\"&#x6d;&#x61;&#x69;&#108;&#116;o:f&#x72;&#x61;&#x75;&#x64;&#64;sig&#x6d;&#x61;&#x2e;&#x73;&#111;ftw&#x61;&#x72;&#x65;\" data-linkindex=\"5\" data-ogsc=\"\" data-loopstyle=\"linkonly\">fraud&#64;&#115;&#105;&#103;&#x6d;&#x61;&#x2e;&#x73;&#x6f;&#x66;&#x74;ware<\/a> und leiten Sie die E-Mail oder Nachricht weiter.<\/p>\n","protected":false},"excerpt":{"rendered":"<p>Hinweis zum Haftungsausschluss bei Betrug Sigma Software nimmt alle Informationen \u00fcber verd\u00e4chtige oder betr\u00fcgerische T\u00e4tigkeiten sehr ernst. Bitte beachten Sie, dass sich bestimmte Personen an Sie wenden k\u00f6nnten, indem sie sich f\u00e4lschlicherweise als unsere Vertreter ausgeben. Unter diesem Vorwand k\u00f6nnten sie versuchen, an Ihre personenbezogenen Daten zu gelangen oder Geld oder andere Wertgegenst\u00e4nde von Ihnen [&hellip;]<\/p>\n","protected":false},"author":2,"featured_media":0,"parent":0,"menu_order":0,"comment_status":"closed","ping_status":"closed","template":"","meta":{"_acf_changed":false,"footnotes":""},"class_list":["post-14741","page","type-page","status-publish","hentry"],"acf":[],"yoast_head":"<title>Hinweis zum Haftungsausschluss bei Betrug - Sigma Software<\/title>\n<meta name=\"description\" content=\"Der Haftungsausschluss f\u00fcr Betrugswarnungen soll Sie dar\u00fcber informieren, wie verd\u00e4chtige oder betr\u00fcgerische Aktivit\u00e4ten aussehen k\u00f6nnen.\" \/>\n<meta name=\"robots\" content=\"index, follow, max-snippet:-1, max-image-preview:large, max-video-preview:-1\" \/>\n<link rel=\"canonical\" href=\"https:\/\/sigma.software\/de\/fraud-warning-disclaimer\" \/>\n<meta property=\"og:locale\" content=\"de_DE\" \/>\n<meta property=\"og:type\" content=\"article\" \/>\n<meta property=\"og:title\" content=\"Hinweis zum Haftungsausschluss bei Betrug\" \/>\n<meta property=\"og:description\" content=\"Der Haftungsausschluss f\u00fcr Betrugswarnungen soll Sie dar\u00fcber informieren, wie verd\u00e4chtige oder betr\u00fcgerische Aktivit\u00e4ten aussehen k\u00f6nnen.\" \/>\n<meta property=\"og:url\" content=\"https:\/\/sigma.software\/de\/fraud-warning-disclaimer\" \/>\n<meta property=\"og:site_name\" content=\"Sigma Software\" \/>\n<meta property=\"article:publisher\" content=\"https:\/\/www.facebook.com\/SIGMASOFTWAREGROUP\/\" \/>\n<meta property=\"article:modified_time\" content=\"2025-01-22T14:19:19+00:00\" \/>\n<meta property=\"og:image\" content=\"https:\/\/sigma.software\/wp-content\/uploads\/2025\/03\/Sigma-Software-IT-consulting@2x.png\" \/>\n\t<meta property=\"og:image:width\" content=\"2400\" \/>\n\t<meta property=\"og:image:height\" content=\"1260\" \/>\n\t<meta property=\"og:image:type\" content=\"image\/png\" \/>\n<meta name=\"twitter:card\" content=\"summary_large_image\" \/>\n<meta name=\"twitter:site\" content=\"@sigmaswgroup\" \/>\n<script nonce='4baymDLvjSZ3laloZfZDVWhsD1kkLRm5'  type=\"application\/ld+json\" class=\"yoast-schema-graph\">{\"@context\":\"https:\/\/schema.org\",\"@graph\":[{\"@type\":\"WebPage\",\"@id\":\"https:\/\/sigma.software\/de\/fraud-warning-disclaimer\",\"url\":\"https:\/\/sigma.software\/de\/fraud-warning-disclaimer\",\"name\":\"Hinweis zum Haftungsausschluss bei Betrug - Sigma Software\",\"isPartOf\":{\"@id\":\"https:\/\/sigma.software\/de#website\"},\"datePublished\":\"2023-11-08T14:56:52+00:00\",\"dateModified\":\"2025-01-22T14:19:19+00:00\",\"description\":\"Der Haftungsausschluss f\u00fcr Betrugswarnungen soll Sie dar\u00fcber informieren, wie verd\u00e4chtige oder betr\u00fcgerische Aktivit\u00e4ten aussehen k\u00f6nnen.\",\"inLanguage\":\"de-DE\",\"potentialAction\":[{\"@type\":\"ReadAction\",\"target\":[\"https:\/\/sigma.software\/de\/fraud-warning-disclaimer\"]}]},{\"@type\":\"WebSite\",\"@id\":\"https:\/\/sigma.software\/de#website\",\"url\":\"https:\/\/sigma.software\/de\",\"name\":\"Sigma Software\",\"description\":\"Custom Software Development Company\",\"potentialAction\":[{\"@type\":\"SearchAction\",\"target\":{\"@type\":\"EntryPoint\",\"urlTemplate\":\"https:\/\/sigma.software\/de?s={search_term_string}\"},\"query-input\":{\"@type\":\"PropertyValueSpecification\",\"valueRequired\":true,\"valueName\":\"search_term_string\"}}],\"inLanguage\":\"de-DE\"}]}<\/script>","yoast_head_json":{"title":"Hinweis zum Haftungsausschluss bei Betrug - Sigma Software","description":"Der Haftungsausschluss f\u00fcr Betrugswarnungen soll Sie dar\u00fcber informieren, wie verd\u00e4chtige oder betr\u00fcgerische Aktivit\u00e4ten aussehen k\u00f6nnen.","robots":{"index":"index","follow":"follow","max-snippet":"max-snippet:-1","max-image-preview":"max-image-preview:large","max-video-preview":"max-video-preview:-1"},"canonical":"https:\/\/sigma.software\/de\/fraud-warning-disclaimer","og_locale":"de_DE","og_type":"article","og_title":"Hinweis zum Haftungsausschluss bei Betrug","og_description":"Der Haftungsausschluss f\u00fcr Betrugswarnungen soll Sie dar\u00fcber informieren, wie verd\u00e4chtige oder betr\u00fcgerische Aktivit\u00e4ten aussehen k\u00f6nnen.","og_url":"https:\/\/sigma.software\/de\/fraud-warning-disclaimer","og_site_name":"Sigma Software","article_publisher":"https:\/\/www.facebook.com\/SIGMASOFTWAREGROUP\/","article_modified_time":"2025-01-22T14:19:19+00:00","og_image":[{"width":2400,"height":1260,"url":"https:\/\/sigma.software\/wp-content\/uploads\/2025\/03\/Sigma-Software-IT-consulting@2x.png","type":"image\/png"}],"twitter_card":"summary_large_image","twitter_site":"@sigmaswgroup","schema":{"@context":"https:\/\/schema.org","@graph":[{"@type":"WebPage","@id":"https:\/\/sigma.software\/de\/fraud-warning-disclaimer","url":"https:\/\/sigma.software\/de\/fraud-warning-disclaimer","name":"Hinweis zum Haftungsausschluss bei Betrug - Sigma Software","isPartOf":{"@id":"https:\/\/sigma.software\/de#website"},"datePublished":"2023-11-08T14:56:52+00:00","dateModified":"2025-01-22T14:19:19+00:00","description":"Der Haftungsausschluss f\u00fcr Betrugswarnungen soll Sie dar\u00fcber informieren, wie verd\u00e4chtige oder betr\u00fcgerische Aktivit\u00e4ten aussehen k\u00f6nnen.","inLanguage":"de-DE","potentialAction":[{"@type":"ReadAction","target":["https:\/\/sigma.software\/de\/fraud-warning-disclaimer"]}]},{"@type":"WebSite","@id":"https:\/\/sigma.software\/de#website","url":"https:\/\/sigma.software\/de","name":"Sigma Software","description":"Custom Software Development Company","potentialAction":[{"@type":"SearchAction","target":{"@type":"EntryPoint","urlTemplate":"https:\/\/sigma.software\/de?s={search_term_string}"},"query-input":{"@type":"PropertyValueSpecification","valueRequired":true,"valueName":"search_term_string"}}],"inLanguage":"de-DE"}]}},"_links":{"self":[{"href":"https:\/\/sigma.software\/de\/wp-json\/wp\/v2\/pages\/14741","targetHints":{"allow":["GET"]}}],"collection":[{"href":"https:\/\/sigma.software\/de\/wp-json\/wp\/v2\/pages"}],"about":[{"href":"https:\/\/sigma.software\/de\/wp-json\/wp\/v2\/types\/page"}],"author":[{"embeddable":true,"href":"https:\/\/sigma.software\/de\/wp-json\/wp\/v2\/users\/2"}],"replies":[{"embeddable":true,"href":"https:\/\/sigma.software\/de\/wp-json\/wp\/v2\/comments?post=14741"}],"version-history":[{"count":3,"href":"https:\/\/sigma.software\/de\/wp-json\/wp\/v2\/pages\/14741\/revisions"}],"predecessor-version":[{"id":14819,"href":"https:\/\/sigma.software\/de\/wp-json\/wp\/v2\/pages\/14741\/revisions\/14819"}],"wp:attachment":[{"href":"https:\/\/sigma.software\/de\/wp-json\/wp\/v2\/media?parent=14741"}],"curies":[{"name":"wp","href":"https:\/\/api.w.org\/{rel}","templated":true}]}}