{"id":14750,"date":"2021-10-21T13:32:34","date_gmt":"2021-10-21T13:32:34","guid":{"rendered":"https:\/\/sigma.software\/terms-of-use"},"modified":"2025-01-22T14:17:39","modified_gmt":"2025-01-22T14:17:39","slug":"terms-of-use","status":"publish","type":"page","link":"https:\/\/sigma.software\/de\/terms-of-use","title":{"rendered":"Nutzungsbedingungen"},"content":{"rendered":"<h1>Nutzungsbedingungen<\/h1>\n<p class=\"small-text date-container\">G\u00fcltigkeitsdatum: <time datetime=\"2020-09-08\">08. September 2020<\/time><br \/>\nLetzte \u00c4nderung: <time datetime=\"2020-09-08\">08. September 2020<\/time><\/p>\n<p>&nbsp;<\/p>\n<p>Bitte lesen Sie diese Nutzungsbedingungen (\u201eNutzungsbedingungen\u201c, \u201eBedingungen\u201c) sorgf\u00e4ltig durch. Die Nutzungsbedingungen sind ein rechtsg\u00fcltiges Dokument zwischen einem Benutzer dieser Website (\u201eSie\u201c, \u201eIhnen\u201c) und der Sigma Software GmbH (\u201eSigma Software\u201c, \u201ewir\u201c, \u201euns\u201c).<\/p>\n<p>Durch die Nutzung dieser Website erkl\u00e4ren Sie sich mit den Nutzungsbedingungen einverstanden. Wir behalten uns die gelegentliche Aktualisierung dieser Bedingungen vor. Sofern nicht anders angegeben, treten alle \u00c4nderungen unmittelbar nach deren Ver\u00f6ffentlichung in Kraft. Wir empfehlen Ihnen, die Nutzungsbedingungen regelm\u00e4\u00dfig auf \u00c4nderungen zu \u00fcberpr\u00fcfen. Wenn Sie diesen Nutzungsbedingungen nicht zustimmen, dann d\u00fcrfen Sie diese Website nicht nutzen und sollten die Nutzung sofort einstellen.<\/p>\n<h2 class=\"h5\">1. Zweck der Website<\/h2>\n<p>Durch die Nutzung der Website garantieren Sie Folgendes: (1) Wenn Sie eine Einzelperson sind, versichern und garantieren Sie, dass Sie in der Gerichtsbarkeit Ihres Wohnsitzes vollj\u00e4hrig sind; (2) Sie d\u00fcrfen die Website oder Teile der Website nicht lizenzieren, verkaufen, vermieten, verleasen, \u00fcbertragen, abtreten, reproduzieren, verteilen, hosten oder anderweitig kommerziell nutzen; (3) Sie werden keine Ma\u00dfnahmen ergreifen, die eine unzumutbare Belastung f\u00fcr die Infrastruktur der Website darstellen; (4) Sie werden keine Ger\u00e4te, Software oder Routinen verwenden, um das ordnungsgem\u00e4\u00dfe Funktionieren dieser Website oder einer auf dieser Website durchgef\u00fchrten T\u00e4tigkeit zu st\u00f6ren oder zu versuchen, diese zu st\u00f6ren; (5) Sie werden keine \u201eCrawls\u201c, \u201eScrapes\u201c oder \u201eSpiders\u201c oder andere automatische Mittel verwenden, um die Informationen, Inhalte oder Materialien auf dieser Website zu sammeln; (6) Sie werden nicht versuchen, eine der Softwares, aus denen diese Website besteht oder die sie ausmachen, zu entschl\u00fcsseln, zu dekompilieren, zu zerlegen oder zur\u00fcckzuentwickeln; (7) Sie werden kein auf dieser Website von Sigma Software ver\u00f6ffentlichtes Material l\u00f6schen oder ver\u00e4ndern; (8) Sie werden diese Website oder den Inhalt dieser Website, einschlie\u00dflich, aber nicht beschr\u00e4nkt auf die darin enthaltenen Texte und Bilder und deren Anordnung, nicht dazu verwenden, die Rechte Dritter zu verletzen, zu plagiieren oder auf andere Weise zu beeintr\u00e4chtigen, einschlie\u00dflich, aber nicht beschr\u00e4nkt auf Urheberrechte, Markenrechte, Gesch\u00e4ftsgeheimnisse, Vertraulichkeit, Vertr\u00e4ge, Patente, Rechte auf Privatsph\u00e4re und auf Ver\u00f6ffentlichung oder andere firmeneigene oder gesetzliche Rechte; (9) Sie werden nicht versuchen (oder andere zu einem solchen Versuch ermutigen oder dabei unterst\u00fctzen), diese Website mithilfe von b\u00f6sartigem Code oder anderen unangemessenen und sch\u00e4dlichen Mitteln zu st\u00f6ren.<\/p>\n<h2 class=\"h5\">2. Nutzung der Website<\/h2>\n<p>Durch die Nutzung der Website garantieren Sie Folgendes: (1) Wenn Sie eine Einzelperson sind, versichern und garantieren Sie, dass Sie in der Gerichtsbarkeit Ihres Wohnsitzes vollj\u00e4hrig sind; (2) Sie d\u00fcrfen die Website oder Teile der Website nicht lizenzieren, verkaufen, vermieten, verleasen, \u00fcbertragen, abtreten, reproduzieren, verteilen, hosten oder anderweitig kommerziell nutzen; (3) Sie werden keine Ma\u00dfnahmen ergreifen, die eine unzumutbare Belastung f\u00fcr die Infrastruktur der Website darstellen; (4) Sie werden keine Ger\u00e4te, Software oder Routinen verwenden, um das ordnungsgem\u00e4\u00dfe Funktionieren dieser Website oder einer auf dieser Website durchgef\u00fchrten T\u00e4tigkeit zu st\u00f6ren oder zu versuchen, diese zu st\u00f6ren; (5) Sie werden keine \u201eCrawls\u201c, \u201eScrapes\u201c oder \u201eSpiders\u201c oder andere automatische Mittel verwenden, um die Informationen, Inhalte oder Materialien auf dieser Website zu sammeln; (6) Sie werden nicht versuchen, eine der Softwares, aus denen diese Website besteht oder die sie ausmachen, zu entschl\u00fcsseln, zu dekompilieren, zu zerlegen oder zur\u00fcckzuentwickeln; (7) Sie werden kein auf dieser Website von Sigma Software ver\u00f6ffentlichtes Material l\u00f6schen oder ver\u00e4ndern; (8) Sie werden diese Website oder den Inhalt dieser Website, einschlie\u00dflich, aber nicht beschr\u00e4nkt auf die darin enthaltenen Texte und Bilder und deren Anordnung, nicht dazu verwenden, die Rechte Dritter zu verletzen, zu plagiieren oder auf andere Weise zu beeintr\u00e4chtigen, einschlie\u00dflich, aber nicht beschr\u00e4nkt auf Urheberrechte, Markenrechte, Gesch\u00e4ftsgeheimnisse, Vertraulichkeit, Vertr\u00e4ge, Patente, Rechte auf Privatsph\u00e4re und auf Ver\u00f6ffentlichung oder andere firmeneigene oder gesetzliche Rechte; (9) Sie werden nicht versuchen (oder andere zu einem solchen Versuch ermutigen oder dabei unterst\u00fctzen), diese Website mithilfe von b\u00f6sartigem Code oder anderen unangemessenen und sch\u00e4dlichen Mitteln zu st\u00f6ren.<\/p>\n<h2 class=\"h5\">3. Rechte am geistigen Eigentum<\/h2>\n<p>Diese Website ist durch Rechte des geistigen Eigentum gesch\u00fctzt und ist das ausschlie\u00dfliche Eigentum von Sigma Software. Alle auf der Website von Sigma Software angezeigten, ver\u00f6ffentlichten oder anderweitig verf\u00fcgbaren Materialien, einschlie\u00dflich, aber nicht beschr\u00e4nkt auf Texte, Grafiken, Daten, Artikel, Informationen, Fotos, Bilder, Illustrationen, Programmiercode usw., sind durch das Urheberrecht und\/oder andere Gesetze zum Schutz des geistigen Eigentums gesch\u00fctzt und bleiben Eigentum von Sigma Software oder Dritten.<\/p>\n<p>Durch die Nutzung der Website erkl\u00e4ren Sie sich damit einverstanden, die Gesetze zum Schutz des geistigen Eigentums, Urheberrechtshinweise, Markenregeln und andere Einschr\u00e4nkungen im Zusammenhang mit dem auf der Website verf\u00fcgbaren Material einzuhalten.<\/p>\n<p>Sie d\u00fcrfen das Material auf dieser Website f\u00fcr pers\u00f6nliche und nicht-kommerzielle Zwecke gem\u00e4\u00df den jeweiligen Grunds\u00e4tzen des Urheberrechts und des Rechts auf geistiges Eigentum verwenden. Jede andere Verwendung oder \u00c4nderung des Inhalts und des Materials auf der Website ohne vorherige schriftliche Genehmigung von Sigma Software ist untersagt.<\/p>\n<p>Somit garantieren Sie, dass Sie den Softwarecode f\u00fcr das zugrunde liegende geistige Eigentum, das f\u00fcr den Betrieb dieser Website verwendet wird, nicht zur\u00fcckentwickeln, dekompilieren, \u00fcbersetzen, abgeleitete Werke erstellen, entschl\u00fcsseln, zerlegen, lizenzieren, verkaufen, verwerten, anzeigen, modifizieren oder versuchen werden, ihn abzuleiten, und dass Sie Materialien oder Inhalte auf der Website, die nicht Ihnen geh\u00f6ren, nicht f\u00fcr Zwecke oder auf eine Weise verwenden werden, die die Rechte von Sigma Software oder von Dritten verletzt.<\/p>\n<h2 class=\"h5\">4. Links zu Websites von Dritten<\/h2>\n<p>Sigma Software stellt auf dieser Website Links zu Websites bereit, die von anderen Betreibern verwaltet werden; die \u00dcberwachung der Materialien und Inhalte, auf die Sie durch Klicken auf diese Links zugreifen, ist f\u00fcr Sigma Software nicht m\u00f6glich. Sie erkl\u00e4ren sich damit einverstanden, dass Sie diese Websites, deren Inhalte und Materialien auf eigene Gefahr nutzen. Daher sollten Sie sich vor Viren, W\u00fcrmern, Trojanern und anderer sch\u00e4dlicher Software sch\u00fctzen, die auf Websites Dritter vorhanden sein k\u00f6nnte.<\/p>\n<p>Links zu Websites Dritter werden nur aus Gr\u00fcnden der Benutzerfreundlichkeit bereitgestellt und stellen keine Billigung oder Bef\u00fcrwortung der jeweiligen Websites durch Sigma Software dar, selbst wenn sie das Logo von Sigma Software enthalten; solche Websites liegen au\u00dferhalb unserer Kontrolle. Wir geben keine Garantie oder Zusicherung und \u00fcbernehmen keine Verantwortung f\u00fcr Inhalte oder Informationen auf Websites, die mit unserer Website verlinkt sind, oder f\u00fcr Produkte oder Dienste, die dort beschrieben oder angeboten werden.<\/p>\n<h2 class=\"h5\">5. Haftungsausschluss<\/h2>\n<p>SIE ERKL\u00c4REN SICH AUSDR\u00dcCKLICH DAMIT EINVERSTANDEN, DASS SIE DIE WEBSITE IN VOLLEM UMFANG NACH GELTENDEM RECHT AUF EIGENE GEFAHR NUTZEN UND DASS DIE WEBSITE OHNE M\u00c4NGELGEW\u00c4HR ZUR VERF\u00dcGUNG GESTELLT WIRD, SO \u201eWIE SIE IST\u201c UND \u201eWIE VERF\u00dcGBAR\u201c, MIT ALLEN EVENTUELLEN FEHLERN. SIGMA SOFTWARE LEHNT AUSDR\u00dcCKLICH JEGLICHE GARANTIEN ODER GEW\u00c4HRLEISTUNGEN, ZUSICHERUNGEN UND BEDINGUNGEN JEGLICHER ART AB, OB AUSDR\u00dcCKLICH ODER STILLSCHWEIGEND, EINSCHLIESSLICH, ABER NICHT BESCHR\u00c4NKT AUF STILLSCHWEIGENDE GEW\u00c4HRLEISTUNGEN ODER BEDINGUNGEN DER MARKTG\u00c4NGIGKEIT, DER EIGNUNG F\u00dcR EINEN BESTIMMTEN ZWECK, DES EIGENTUMSRECHTS UND DER NICHTVERLETZUNG VON RECHTEN, DIE SICH AUS DER NUTZUNG DER WEBSITE ERGEBEN. SIGMA SOFTWARE \u00dcBERNIMMT KEINERLEI GEW\u00c4HRLEISTUNG, ZUSICHERUNG ODER BEDINGUNG, DASS: (1) DIE WEBSITE IHREN ANFORDERUNGEN ENTSPRICHT ODER (2) IHRE NUTZUNG DER WEBSITE UNUNTERBROCHEN, RECHTZEITIG, SICHER ODER FEHLERFREI ERFOLGT.<\/p>\n<h2 class=\"h5\">6. Entsch\u00e4digung<\/h2>\n<p>Sie sind allein verantwortlich f\u00fcr Ihr Verhalten bei Nutzung der Website und f\u00fcr die Informationen, die Sie im Zusammenhang mit der Nutzung der Website mitteilen. Sie erkl\u00e4ren sich damit einverstanden, Sigma Software von jeglichen Verlusten, einschlie\u00dflich Anwaltskosten und Auslagen, die direkt oder indirekt aus von Ihnen geltend gemachten Anspr\u00fcchen im Zusammenhang mit der Nutzung der Website resultieren, freizustellen und schadlos zu halten. Sie erkl\u00e4ren sich au\u00dferdem damit einverstanden, uns von jeglichen Verlusten, einschlie\u00dflich Anwaltskosten und Auslagen, freizustellen und schadlos zu halten, die direkt oder indirekt aus (a) den Informationen, die Sie uns mitteilen, ob pers\u00f6nlich oder nicht, (b) Ihrer Nutzung der Website, (c) Ihrem Versto\u00df gegen Gesetze oder Vorschriften, (d) Anspr\u00fcchen Dritter, dass Sie etwas getan haben, das gegen das Gesetz oder eine dieser Nutzungsbedingungen verst\u00f6\u00dft, (e) falschen Angaben Ihrerseits resultieren.<\/p>\n<h2 class=\"h5\">7. Haftungsbeschr\u00e4nkung<\/h2>\n<p>SOWEIT DIES NACH GELTENDEM RECHT ZUL\u00c4SSIG IST, DARF SIGMA SOFTWARE ODER EINER UNSERER MITGR\u00dcNDER, PARTNER, DIREKTOREN, LEITENDEN ANGESTELLTEN, MITARBEITER, VERTRETER, AUFTRAGNEHMER, PRIVATEN UNTERNEHMERISCH T\u00c4TIGEN AUFTRAGNEHMER, UNTERAUFTRAGNEHMER, ANBIETER, INHALTS- ODER DIENSTANBIETER (ZUSAMMENFASSEND \u201eGESCH\u00dcTZTE PARTEIEN\u201c) UNTER KEINEN UMST\u00c4NDEN F\u00dcR JEGLICHE DIREKTEN, INDIREKTEN, BESONDEREN, ZUF\u00c4LLIGEN, FOLGE-, EXEMPLARISCHEN ODER STRAFBAREN SCH\u00c4DEN HAFTBAR GEMACHT WERDEN, DIE SICH DIREKT ODER INDIREKT AUS FOLGENDEN UMST\u00c4NDEN ERGEBEN: (1) DER NUTZUNG ODER UNF\u00c4HIGKEIT ZUR NUTZUNG DER WEBSITE; (2) DEM UNBEFUGTEN ZUGRIFF AUF IHRE \u00dcBERTRAGUNGEN ODER DATEN ODER DEREN \u00c4NDERUNG; (3) AUSSAGEN ODER VERHALTEN VON DRITTEN AUF DER WEBSITE; ODER (4) JEGLICHEN ANDEREN ANGELEGENHEITEN IM ZUSAMMENHANG MIT DER WEBSITE, DIE AUF GEW\u00c4HRLEISTUNG, URHEBERRECHT, VERTRAG, UNERLAUBTER HANDLUNG (EINSCHLIESSLICH FAHRL\u00c4SSIGKEIT), PRODUKTHAFTUNG ODER EINEM ANDEREN RECHTSGRUND BERUHEN, SELBST WENN EINE ODER MEHRERE DER GESCH\u00dcTZTEN PARTEIEN AUSDR\u00dcCKLICH AUF DIE M\u00d6GLICHKEIT SOLCHER SCH\u00c4DEN HINGEWIESEN WURDE. SOLLTEN SIE MIT DIESER WEBSITE, DEN MATERIALIEN ODER DIENSTEN DARAUF ODER MIT DEN NUTZUNGSBEDINGUNGEN NICHT ZUFRIEDEN SEIN, BESTEHT IHR EINZIGES UND EXKLUSIVES MITTEL ZUR ABHILFE DARIN, DIE WEBSITE NICHT MEHR ZU NUTZEN. SIE ALLEIN SIND F\u00dcR DIE NUTZUNG DER WEBSITE UND ALLE DARAUS ENTSTEHENDEN FOLGEN VERANTWORTLICH.<\/p>\n<h2 class=\"h5\">8. Vertrauliche Informationen<\/h2>\n<p>Wir m\u00f6chten \u00fcber diese Website keine vertraulichen oder gesch\u00fctzten Informationen von Ihnen erhalten. Bitte beachten Sie, dass alle an uns gesendeten Informationen als nicht vertraulich betrachtet werden. Indem Sie Sigma Software Informationen \u00fcbermitteln, erteilen Sie uns das Recht auf freie Nutzung dieser Informationen nach eigenem Ermessen.<\/p>\n<h2 class=\"h5\">9. Anwendbares Recht und Gerichtsbarkeit<\/h2>\n<p>Diese Nutzungsbedingungen unterliegen ukrainischem Recht, mit der ausschlie\u00dflichen Gerichtsbarkeit der Gerichte der Ukraine zur Beilegung von sich aus oder in Verbindung mit diesen Nutzungsbedingungen ergebenden Streitigkeiten zwischen Sigma Software und Ihnen.<\/p>\n<h2 class=\"h5\">10. Nichtigkeit einer Bestimmung<\/h2>\n<p>Sollte ein Begriff, eine Bestimmung oder ein Wortlaut usw. in diesen Nutzungsbedingungen aus irgendeinem Grund ung\u00fcltig, rechtswidrig oder nicht durchsetzbar sein, so sollen solche Ung\u00fcltigkeitserkl\u00e4rungen oder andere Ma\u00dfnahmen keine Auswirkungen auf andere Begriffe, Bestimmungen oder Formulierungen dieser Nutzungsbedingungen haben.<\/p>\n<h2 class=\"h5\">11. Sonstiges<\/h2>\n<p>Diese Nutzungsbedingungen stellen die gesamte Vereinbarung zwischen Ihnen und uns bez\u00fcglich der Nutzung dieser Website dar. Unser Vers\u00e4umnis, ein Recht oder eine Bestimmung dieses Vertrags auszu\u00fcben oder durchzusetzen, darf nicht als Verzicht auf dieses Recht oder diese Bestimmung ausgelegt werden.<\/p>\n<h2 class=\"h5\">12. Kontaktdaten<\/h2>\n<p>Bei Fragen, Anfragen oder Beschwerden bez\u00fcglich dieser Nutzungsbedingungen wenden Sie sich bitte an <a class=\"text-link\" href=\"&#x6d;&#97;i&#x6c;&#x74;o:&#x69;&#110;f&#x6f;&#x40;si&#x67;&#109;a&#x2e;&#x73;&#111;f&#x74;&#x77;a&#x72;&#x65;\">in&#102;&#x6f;&#x40;&#x73;ig&#109;&#x61;&#x2e;&#x73;of&#116;&#x77;&#x61;&#x72;e<\/a>.<\/p>\n","protected":false},"excerpt":{"rendered":"<p>Nutzungsbedingungen G\u00fcltigkeitsdatum: 08. September 2020 Letzte \u00c4nderung: 08. September 2020 &nbsp; Bitte lesen Sie diese Nutzungsbedingungen (\u201eNutzungsbedingungen\u201c, \u201eBedingungen\u201c) sorgf\u00e4ltig durch. Die Nutzungsbedingungen sind ein rechtsg\u00fcltiges Dokument zwischen einem Benutzer dieser Website (\u201eSie\u201c, \u201eIhnen\u201c) und der Sigma Software GmbH (\u201eSigma Software\u201c, \u201ewir\u201c, \u201euns\u201c). Durch die Nutzung dieser Website erkl\u00e4ren Sie sich mit den Nutzungsbedingungen einverstanden. Wir [&hellip;]<\/p>\n","protected":false},"author":2,"featured_media":9252,"parent":0,"menu_order":24,"comment_status":"closed","ping_status":"closed","template":"","meta":{"_acf_changed":false,"inline_featured_image":false,"footnotes":""},"class_list":["post-14750","page","type-page","status-publish","has-post-thumbnail","hentry"],"acf":[],"yoast_head":"<title>Nutzungsbedingungen - Sigma Software<\/title>\n<meta name=\"description\" content=\"Die Nutzungsbedingungen sind ein rechtliches Dokument zwischen einem Nutzer dieser Website (\u201eSie\u201c) und Sigma Software LLC (\u201eSigma Software\u201c, \u201ewir\u201c, \u201euns\u201c).\" \/>\n<meta name=\"robots\" content=\"index, follow, max-snippet:-1, max-image-preview:large, max-video-preview:-1\" \/>\n<link rel=\"canonical\" href=\"https:\/\/sigma.software\/de\/terms-of-use\" \/>\n<meta property=\"og:locale\" content=\"de_DE\" \/>\n<meta property=\"og:type\" content=\"article\" \/>\n<meta property=\"og:title\" content=\"Nutzungsbedingungen\" \/>\n<meta property=\"og:description\" content=\"Die Nutzungsbedingungen sind ein rechtliches Dokument zwischen einem Nutzer dieser Website (\u201eSie\u201c) und Sigma Software LLC (\u201eSigma Software\u201c, \u201ewir\u201c, \u201euns\u201c).\" \/>\n<meta property=\"og:url\" content=\"https:\/\/sigma.software\/de\/terms-of-use\" \/>\n<meta property=\"og:site_name\" content=\"Sigma Software\" \/>\n<meta property=\"article:publisher\" content=\"https:\/\/www.facebook.com\/SIGMASOFTWAREGROUP\/\" \/>\n<meta property=\"article:modified_time\" content=\"2025-01-22T14:17:39+00:00\" \/>\n<meta property=\"og:image\" content=\"https:\/\/cdn.sigma.software\/wp-content\/uploads\/2021\/03\/home-hero-768.png\" \/>\n\t<meta property=\"og:image:width\" content=\"1536\" \/>\n\t<meta property=\"og:image:height\" content=\"1524\" \/>\n\t<meta property=\"og:image:type\" content=\"image\/png\" \/>\n<meta name=\"twitter:card\" content=\"summary_large_image\" \/>\n<meta name=\"twitter:site\" content=\"@sigmaswgroup\" \/>\n<script nonce='4baymDLvjSZ3laloZfZDVWhsD1kkLRm5'  type=\"application\/ld+json\" class=\"yoast-schema-graph\">{\"@context\":\"https:\/\/schema.org\",\"@graph\":[{\"@type\":\"WebPage\",\"@id\":\"https:\/\/sigma.software\/de\/terms-of-use\",\"url\":\"https:\/\/sigma.software\/de\/terms-of-use\",\"name\":\"Nutzungsbedingungen - Sigma Software\",\"isPartOf\":{\"@id\":\"https:\/\/sigma.software\/de#website\"},\"primaryImageOfPage\":{\"@id\":\"https:\/\/sigma.software\/de\/terms-of-use#primaryimage\"},\"image\":{\"@id\":\"https:\/\/sigma.software\/de\/terms-of-use#primaryimage\"},\"thumbnailUrl\":\"https:\/\/sigma.software\/wp-content\/uploads\/2021\/03\/home-hero-768.png\",\"datePublished\":\"2021-10-21T13:32:34+00:00\",\"dateModified\":\"2025-01-22T14:17:39+00:00\",\"description\":\"Die Nutzungsbedingungen sind ein rechtliches Dokument zwischen einem Nutzer dieser Website (\u201eSie\u201c) und Sigma Software LLC (\u201eSigma Software\u201c, \u201ewir\u201c, \u201euns\u201c).\",\"inLanguage\":\"de-DE\",\"potentialAction\":[{\"@type\":\"ReadAction\",\"target\":[\"https:\/\/sigma.software\/de\/terms-of-use\"]}]},{\"@type\":\"ImageObject\",\"inLanguage\":\"de-DE\",\"@id\":\"https:\/\/sigma.software\/de\/terms-of-use#primaryimage\",\"url\":\"https:\/\/sigma.software\/wp-content\/uploads\/2021\/03\/home-hero-768.png\",\"contentUrl\":\"https:\/\/sigma.software\/wp-content\/uploads\/2021\/03\/home-hero-768.png\",\"width\":1536,\"height\":1524},{\"@type\":\"WebSite\",\"@id\":\"https:\/\/sigma.software\/de#website\",\"url\":\"https:\/\/sigma.software\/de\",\"name\":\"Sigma Software\",\"description\":\"Custom Software Development Company\",\"potentialAction\":[{\"@type\":\"SearchAction\",\"target\":{\"@type\":\"EntryPoint\",\"urlTemplate\":\"https:\/\/sigma.software\/de?s={search_term_string}\"},\"query-input\":{\"@type\":\"PropertyValueSpecification\",\"valueRequired\":true,\"valueName\":\"search_term_string\"}}],\"inLanguage\":\"de-DE\"}]}<\/script>","yoast_head_json":{"title":"Nutzungsbedingungen - Sigma Software","description":"Die Nutzungsbedingungen sind ein rechtliches Dokument zwischen einem Nutzer dieser Website (\u201eSie\u201c) und Sigma Software LLC (\u201eSigma Software\u201c, \u201ewir\u201c, \u201euns\u201c).","robots":{"index":"index","follow":"follow","max-snippet":"max-snippet:-1","max-image-preview":"max-image-preview:large","max-video-preview":"max-video-preview:-1"},"canonical":"https:\/\/sigma.software\/de\/terms-of-use","og_locale":"de_DE","og_type":"article","og_title":"Nutzungsbedingungen","og_description":"Die Nutzungsbedingungen sind ein rechtliches Dokument zwischen einem Nutzer dieser Website (\u201eSie\u201c) und Sigma Software LLC (\u201eSigma Software\u201c, \u201ewir\u201c, \u201euns\u201c).","og_url":"https:\/\/sigma.software\/de\/terms-of-use","og_site_name":"Sigma Software","article_publisher":"https:\/\/www.facebook.com\/SIGMASOFTWAREGROUP\/","article_modified_time":"2025-01-22T14:17:39+00:00","og_image":[{"width":1536,"height":1524,"url":"https:\/\/cdn.sigma.software\/wp-content\/uploads\/2021\/03\/home-hero-768.png","type":"image\/png"}],"twitter_card":"summary_large_image","twitter_site":"@sigmaswgroup","schema":{"@context":"https:\/\/schema.org","@graph":[{"@type":"WebPage","@id":"https:\/\/sigma.software\/de\/terms-of-use","url":"https:\/\/sigma.software\/de\/terms-of-use","name":"Nutzungsbedingungen - Sigma Software","isPartOf":{"@id":"https:\/\/sigma.software\/de#website"},"primaryImageOfPage":{"@id":"https:\/\/sigma.software\/de\/terms-of-use#primaryimage"},"image":{"@id":"https:\/\/sigma.software\/de\/terms-of-use#primaryimage"},"thumbnailUrl":"https:\/\/sigma.software\/wp-content\/uploads\/2021\/03\/home-hero-768.png","datePublished":"2021-10-21T13:32:34+00:00","dateModified":"2025-01-22T14:17:39+00:00","description":"Die Nutzungsbedingungen sind ein rechtliches Dokument zwischen einem Nutzer dieser Website (\u201eSie\u201c) und Sigma Software LLC (\u201eSigma Software\u201c, \u201ewir\u201c, \u201euns\u201c).","inLanguage":"de-DE","potentialAction":[{"@type":"ReadAction","target":["https:\/\/sigma.software\/de\/terms-of-use"]}]},{"@type":"ImageObject","inLanguage":"de-DE","@id":"https:\/\/sigma.software\/de\/terms-of-use#primaryimage","url":"https:\/\/sigma.software\/wp-content\/uploads\/2021\/03\/home-hero-768.png","contentUrl":"https:\/\/sigma.software\/wp-content\/uploads\/2021\/03\/home-hero-768.png","width":1536,"height":1524},{"@type":"WebSite","@id":"https:\/\/sigma.software\/de#website","url":"https:\/\/sigma.software\/de","name":"Sigma Software","description":"Custom Software Development Company","potentialAction":[{"@type":"SearchAction","target":{"@type":"EntryPoint","urlTemplate":"https:\/\/sigma.software\/de?s={search_term_string}"},"query-input":{"@type":"PropertyValueSpecification","valueRequired":true,"valueName":"search_term_string"}}],"inLanguage":"de-DE"}]}},"_links":{"self":[{"href":"https:\/\/sigma.software\/de\/wp-json\/wp\/v2\/pages\/14750","targetHints":{"allow":["GET"]}}],"collection":[{"href":"https:\/\/sigma.software\/de\/wp-json\/wp\/v2\/pages"}],"about":[{"href":"https:\/\/sigma.software\/de\/wp-json\/wp\/v2\/types\/page"}],"author":[{"embeddable":true,"href":"https:\/\/sigma.software\/de\/wp-json\/wp\/v2\/users\/2"}],"replies":[{"embeddable":true,"href":"https:\/\/sigma.software\/de\/wp-json\/wp\/v2\/comments?post=14750"}],"version-history":[{"count":3,"href":"https:\/\/sigma.software\/de\/wp-json\/wp\/v2\/pages\/14750\/revisions"}],"predecessor-version":[{"id":14818,"href":"https:\/\/sigma.software\/de\/wp-json\/wp\/v2\/pages\/14750\/revisions\/14818"}],"wp:featuredmedia":[{"embeddable":true,"href":"https:\/\/sigma.software\/de\/wp-json\/wp\/v2\/media\/9252"}],"wp:attachment":[{"href":"https:\/\/sigma.software\/de\/wp-json\/wp\/v2\/media?parent=14750"}],"curies":[{"name":"wp","href":"https:\/\/api.w.org\/{rel}","templated":true}]}}